{"id":4514,"date":"2023-07-04T10:11:15","date_gmt":"2023-07-04T09:11:15","guid":{"rendered":"https:\/\/ped4all.eu\/politique-de-confidentialite\/"},"modified":"2025-03-24T20:48:38","modified_gmt":"2025-03-24T20:48:38","slug":"politique-de-confidentialite","status":"publish","type":"page","link":"https:\/\/ped4all.eu\/fr\/politique-de-confidentialite\/","title":{"rendered":"Politique de Confidentialit\u00e9"},"content":{"rendered":"<p>[et_pb_section fb_built=\u00a0\u00bb1&Prime; _builder_version=\u00a0\u00bb4.22.1&Prime; _module_preset=\u00a0\u00bb71c8da80-1bc5-4917-916c-d11bc1204d9d\u00a0\u00bb background_color=\u00a0\u00bbgcid-3741ff19-488e-4eb1-8e4d-a96aba88243a\u00a0\u00bb width=\u00a0\u00bb100%\u00a0\u00bb width_tablet=\u00a0\u00bb100%\u00a0\u00bb width_phone=\u00a0\u00bb90%\u00a0\u00bb width_last_edited=\u00a0\u00bbon|phone\u00a0\u00bb max_width=\u00a0\u00bb1440px\u00a0\u00bb module_alignment=\u00a0\u00bbcenter\u00a0\u00bb custom_margin=\u00a0\u00bb39px||100px||false|true\u00a0\u00bb custom_margin_tablet=\u00a0\u00bb148px||148px||true|true\u00a0\u00bb custom_margin_phone=\u00a0\u00bb20px||20px||true|true\u00a0\u00bb custom_margin_last_edited=\u00a0\u00bbon|phone\u00a0\u00bb custom_padding=\u00a0\u00bb0px||0px||false|false\u00a0\u00bb border_width_all=\u00a0\u00bb4px\u00a0\u00bb border_color_all=\u00a0\u00bbgcid-0bdded25-723d-445b-8f2d-175adcb04ee1&Prime; locked=\u00a0\u00bboff\u00a0\u00bb global_colors_info=\u00a0\u00bb{%22gcid-3741ff19-488e-4eb1-8e4d-a96aba88243a%22:%91%22background_color%22,%22background_color%22,%22background_color%22%93,%22gcid-0bdded25-723d-445b-8f2d-175adcb04ee1%22:%91%22border_color_all%22,%22border_color_all%22,%22border_color_all%22%93}\u00a0\u00bb theme_builder_area=\u00a0\u00bbpost_content\u00a0\u00bb][et_pb_row _builder_version=\u00a0\u00bb4.22.1&Prime; _module_preset=\u00a0\u00bbdefault\u00a0\u00bb width=\u00a0\u00bb100%\u00a0\u00bb custom_padding=\u00a0\u00bb0px|0px|0px|0px|false|false\u00a0\u00bb global_colors_info=\u00a0\u00bb{}\u00a0\u00bb theme_builder_area=\u00a0\u00bbpost_content\u00a0\u00bb][et_pb_column type=\u00a0\u00bb4_4&Prime; _builder_version=\u00a0\u00bb4.22.1&Prime; _module_preset=\u00a0\u00bbdefault\u00a0\u00bb global_colors_info=\u00a0\u00bb{}\u00a0\u00bb theme_builder_area=\u00a0\u00bbpost_content\u00a0\u00bb][et_pb_text _builder_version=\u00a0\u00bb4.22.1&Prime; _module_preset=\u00a0\u00bbdefault\u00a0\u00bb theme_builder_area=\u00a0\u00bbpost_content\u00a0\u00bb custom_margin=\u00a0\u00bb84px|24px|84px|24px|true|true\u00a0\u00bb link_text_color=\u00a0\u00bb#0D0D0D\u00a0\u00bb link_font=\u00a0\u00bb||||on||||\u00a0\u00bb hover_enabled=\u00a0\u00bb0&Prime; sticky_enabled=\u00a0\u00bb0&Prime;]<\/p>\n<h1><strong>Politique de Confidentialit\u00e9 pour ped4all.eu<\/strong><\/h1>\n<p>Chez ped4all.eu, nous accordons une grande importance \u00e0 la protection de la vie priv\u00e9e de nos visiteurs. Cette Politique de Confidentialit\u00e9 explique les types d&rsquo;informations collect\u00e9es et enregistr\u00e9es par ped4all.eu ainsi que leur utilisation. <\/p>\n<p><strong>1. Collecte et Utilisation des Donn\u00e9es Personnelles<\/strong><\/p>\n<ul>\n<li><strong>Page de Contact :<\/strong> Lorsque vous nous contactez via notre formulaire de contact, nous collectons les informations que vous fournissez, telles que votre nom, votre adresse e-mail et votre message. Ces informations sont utilis\u00e9es uniquement pour r\u00e9pondre \u00e0 vos demandes. <\/li>\n<li>Page <strong>\u00ab\u00a0Rejoindre la Conversation\u00a0\u00bb<\/strong> : Les donn\u00e9es collect\u00e9es sur cette page sont utilis\u00e9es pour entrer en contact avec vous. Nous ne vendons ni ne partageons ces donn\u00e9es avec des tiers. <\/li>\n<\/ul>\n<p><strong>2. Fathom Analytics<\/strong><\/p>\n<p>Nous utilisons Fathom Analytics pour les analyses du site web. Fathom est un outil d&rsquo;analyse respectueux de la vie priv\u00e9e qui ne recourt pas aux cookies et pr\u00e9serve la confidentialit\u00e9 de nos visiteurs. Voici quelques points cl\u00e9s sur Fathom :  <\/p>\n<ul>\n<li><strong>Pas de cookies:<\/strong> Fathom n&rsquo;utilise pas de cookies, garantissant ainsi le respect de la vie priv\u00e9e de nos visiteurs.<\/li>\n<li><strong>Conformit\u00e9 au RGPD:<\/strong> Fathom est conforme au RGPD et aux autres lois sur la protection des donn\u00e9es.<\/li>\n<li><strong>Utilisation des donn\u00e9es:<\/strong> Fathom nous fournit des analyses du site sans compromettre la confidentialit\u00e9 des visiteurs. Il ne vend ni ne partage les donn\u00e9es. <\/li>\n<\/ul>\n<p>Pour plus d&rsquo;informations sur <a href=\"https:\/\/usefathom.com\/\" target=\"_new\" rel=\"noopener\">Fathom Analytics, veuillez consulter leur site officiel<\/a>.<\/p>\n<p><strong>3. Cookies et Balises Web<\/strong><\/p>\n<p>ped4all.eu n&rsquo;utilise pas de cookies.<\/p>\n<p><strong>4. Politiques de Confidentialit\u00e9 des Tiers<\/strong><\/p>\n<p>La politique de confidentialit\u00e9 de ped4all.eu ne s&rsquo;applique pas aux autres annonceurs ou sites web. Pour obtenir des informations plus d\u00e9taill\u00e9es sur les serveurs publicitaires tiers, nous vous recommandons de consulter leurs politiques de confidentialit\u00e9 respectives. <\/p>\n<p><strong>5. Droits de Protection des Donn\u00e9es selon le RGPD<\/strong><\/p>\n<p>Nous souhaitons nous assurer que vous \u00eates pleinement conscient de vos droits en mati\u00e8re de protection des donn\u00e9es. Chaque utilisateur dispose des droits suivants: <\/p>\n<ul>\n<li>Droit d&rsquo;acc\u00e8s : Vous avez le droit de demander des copies de vos donn\u00e9es personnelles.<\/li>\n<li>Droit de rectification : Vous pouvez demander la correction de toute information que vous jugez inexacte.<\/li>\n<li>Droit \u00e0 l&rsquo;effacement: Vous pouvez demander la suppression de vos donn\u00e9es personnelles.<\/li>\n<li>Droit \u00e0 la limitation du traitement : Vous avez le droit de demander la restriction du traitement de vos donn\u00e9es personnelles.<\/li>\n<li>Droit d&rsquo;opposition au traitement : Vous pouvez vous opposer au traitement de vos donn\u00e9es personnelles.<\/li>\n<li>Droit \u00e0 la portabilit\u00e9 des donn\u00e9es : Vous pouvez demander le transfert de vos donn\u00e9es \u00e0 une autre organisation ou directement \u00e0 vous.<\/li>\n<\/ul>\n<p><strong>6. Consentement<\/strong><\/p>\n<p>En utilisant notre site web, vous consentez \u00e0 notre Politique de Confidentialit\u00e9 et acceptez ses termes.<\/p>\n<p>[\/et_pb_text][\/et_pb_column][\/et_pb_row][\/et_pb_section]<\/p>\n","protected":false},"excerpt":{"rendered":"<p>Politique de Confidentialit\u00e9 pour ped4all.eu Chez ped4all.eu, nous accordons une grande importance \u00e0 la protection de la vie priv\u00e9e de nos visiteurs. Cette Politique de Confidentialit\u00e9 explique les types d&rsquo;informations collect\u00e9es et enregistr\u00e9es par ped4all.eu ainsi que leur utilisation. 1. Collecte et Utilisation des Donn\u00e9es Personnelles Page de Contact : Lorsque vous nous contactez via [&hellip;]<\/p>\n","protected":false},"author":2,"featured_media":0,"parent":0,"menu_order":0,"comment_status":"closed","ping_status":"closed","template":"","meta":{"_et_pb_use_builder":"on","_et_pb_old_content":"","_et_gb_content_width":"","inline_featured_image":false,"footnotes":""},"class_list":["post-4514","page","type-page","status-publish","hentry"],"yoast_head":"<!-- This site is optimized with the Yoast SEO plugin v24.6 - https:\/\/yoast.com\/wordpress\/plugins\/seo\/ -->\n<title>Politique de Confidentialit\u00e9 - ped4all<\/title>\n<meta name=\"robots\" content=\"index, follow, max-snippet:-1, max-image-preview:large, max-video-preview:-1\" \/>\n<link rel=\"canonical\" href=\"https:\/\/ped4all.eu\/fr\/politique-de-confidentialite\/\" \/>\n<meta property=\"og:locale\" content=\"fr_FR\" \/>\n<meta property=\"og:type\" content=\"article\" \/>\n<meta property=\"og:title\" content=\"Politique de Confidentialit\u00e9 - ped4all\" \/>\n<meta property=\"og:description\" content=\"Politique de Confidentialit\u00e9 pour ped4all.eu Chez ped4all.eu, nous accordons une grande importance \u00e0 la protection de la vie priv\u00e9e de nos visiteurs. Cette Politique de Confidentialit\u00e9 explique les types d&#039;informations collect\u00e9es et enregistr\u00e9es par ped4all.eu ainsi que leur utilisation. 1. Collecte et Utilisation des Donn\u00e9es Personnelles Page de Contact : Lorsque vous nous contactez via [&hellip;]\" \/>\n<meta property=\"og:url\" content=\"https:\/\/ped4all.eu\/fr\/politique-de-confidentialite\/\" \/>\n<meta property=\"og:site_name\" content=\"ped4all\" \/>\n<meta property=\"article:modified_time\" content=\"2025-03-24T20:48:38+00:00\" \/>\n<meta name=\"twitter:card\" content=\"summary_large_image\" \/>\n<meta name=\"twitter:label1\" content=\"Dur\u00e9e de lecture estim\u00e9e\" \/>\n\t<meta name=\"twitter:data1\" content=\"3 minutes\" \/>\n<script type=\"application\/ld+json\" class=\"yoast-schema-graph\">{\"@context\":\"https:\/\/schema.org\",\"@graph\":[{\"@type\":\"WebPage\",\"@id\":\"https:\/\/ped4all.eu\/fr\/politique-de-confidentialite\/\",\"url\":\"https:\/\/ped4all.eu\/fr\/politique-de-confidentialite\/\",\"name\":\"Politique de Confidentialit\u00e9 - ped4all\",\"isPartOf\":{\"@id\":\"https:\/\/ped4all.eu\/fr\/#website\"},\"datePublished\":\"2023-07-04T09:11:15+00:00\",\"dateModified\":\"2025-03-24T20:48:38+00:00\",\"breadcrumb\":{\"@id\":\"https:\/\/ped4all.eu\/fr\/politique-de-confidentialite\/#breadcrumb\"},\"inLanguage\":\"fr-FR\",\"potentialAction\":[{\"@type\":\"ReadAction\",\"target\":[\"https:\/\/ped4all.eu\/fr\/politique-de-confidentialite\/\"]}]},{\"@type\":\"BreadcrumbList\",\"@id\":\"https:\/\/ped4all.eu\/fr\/politique-de-confidentialite\/#breadcrumb\",\"itemListElement\":[{\"@type\":\"ListItem\",\"position\":1,\"name\":\"Home\",\"item\":\"https:\/\/ped4all.eu\/fr\/\"},{\"@type\":\"ListItem\",\"position\":2,\"name\":\"Politique de Confidentialit\u00e9\"}]},{\"@type\":\"WebSite\",\"@id\":\"https:\/\/ped4all.eu\/fr\/#website\",\"url\":\"https:\/\/ped4all.eu\/fr\/\",\"name\":\"Positive Energy Disctricts for All\",\"description\":\"Positive energy discrict for all\",\"potentialAction\":[{\"@type\":\"SearchAction\",\"target\":{\"@type\":\"EntryPoint\",\"urlTemplate\":\"https:\/\/ped4all.eu\/fr\/?s={search_term_string}\"},\"query-input\":{\"@type\":\"PropertyValueSpecification\",\"valueRequired\":true,\"valueName\":\"search_term_string\"}}],\"inLanguage\":\"fr-FR\"}]}<\/script>\n<!-- \/ Yoast SEO plugin. -->","yoast_head_json":{"title":"Politique de Confidentialit\u00e9 - ped4all","robots":{"index":"index","follow":"follow","max-snippet":"max-snippet:-1","max-image-preview":"max-image-preview:large","max-video-preview":"max-video-preview:-1"},"canonical":"https:\/\/ped4all.eu\/fr\/politique-de-confidentialite\/","og_locale":"fr_FR","og_type":"article","og_title":"Politique de Confidentialit\u00e9 - ped4all","og_description":"Politique de Confidentialit\u00e9 pour ped4all.eu Chez ped4all.eu, nous accordons une grande importance \u00e0 la protection de la vie priv\u00e9e de nos visiteurs. Cette Politique de Confidentialit\u00e9 explique les types d'informations collect\u00e9es et enregistr\u00e9es par ped4all.eu ainsi que leur utilisation. 1. Collecte et Utilisation des Donn\u00e9es Personnelles Page de Contact : Lorsque vous nous contactez via [&hellip;]","og_url":"https:\/\/ped4all.eu\/fr\/politique-de-confidentialite\/","og_site_name":"ped4all","article_modified_time":"2025-03-24T20:48:38+00:00","twitter_card":"summary_large_image","twitter_misc":{"Dur\u00e9e de lecture estim\u00e9e":"3 minutes"},"schema":{"@context":"https:\/\/schema.org","@graph":[{"@type":"WebPage","@id":"https:\/\/ped4all.eu\/fr\/politique-de-confidentialite\/","url":"https:\/\/ped4all.eu\/fr\/politique-de-confidentialite\/","name":"Politique de Confidentialit\u00e9 - ped4all","isPartOf":{"@id":"https:\/\/ped4all.eu\/fr\/#website"},"datePublished":"2023-07-04T09:11:15+00:00","dateModified":"2025-03-24T20:48:38+00:00","breadcrumb":{"@id":"https:\/\/ped4all.eu\/fr\/politique-de-confidentialite\/#breadcrumb"},"inLanguage":"fr-FR","potentialAction":[{"@type":"ReadAction","target":["https:\/\/ped4all.eu\/fr\/politique-de-confidentialite\/"]}]},{"@type":"BreadcrumbList","@id":"https:\/\/ped4all.eu\/fr\/politique-de-confidentialite\/#breadcrumb","itemListElement":[{"@type":"ListItem","position":1,"name":"Home","item":"https:\/\/ped4all.eu\/fr\/"},{"@type":"ListItem","position":2,"name":"Politique de Confidentialit\u00e9"}]},{"@type":"WebSite","@id":"https:\/\/ped4all.eu\/fr\/#website","url":"https:\/\/ped4all.eu\/fr\/","name":"Positive Energy Disctricts for All","description":"Positive energy discrict for all","potentialAction":[{"@type":"SearchAction","target":{"@type":"EntryPoint","urlTemplate":"https:\/\/ped4all.eu\/fr\/?s={search_term_string}"},"query-input":{"@type":"PropertyValueSpecification","valueRequired":true,"valueName":"search_term_string"}}],"inLanguage":"fr-FR"}]}},"_links":{"self":[{"href":"https:\/\/ped4all.eu\/fr\/wp-json\/wp\/v2\/pages\/4514","targetHints":{"allow":["GET"]}}],"collection":[{"href":"https:\/\/ped4all.eu\/fr\/wp-json\/wp\/v2\/pages"}],"about":[{"href":"https:\/\/ped4all.eu\/fr\/wp-json\/wp\/v2\/types\/page"}],"author":[{"embeddable":true,"href":"https:\/\/ped4all.eu\/fr\/wp-json\/wp\/v2\/users\/2"}],"replies":[{"embeddable":true,"href":"https:\/\/ped4all.eu\/fr\/wp-json\/wp\/v2\/comments?post=4514"}],"version-history":[{"count":10,"href":"https:\/\/ped4all.eu\/fr\/wp-json\/wp\/v2\/pages\/4514\/revisions"}],"predecessor-version":[{"id":4539,"href":"https:\/\/ped4all.eu\/fr\/wp-json\/wp\/v2\/pages\/4514\/revisions\/4539"}],"wp:attachment":[{"href":"https:\/\/ped4all.eu\/fr\/wp-json\/wp\/v2\/media?parent=4514"}],"curies":[{"name":"wp","href":"https:\/\/api.w.org\/{rel}","templated":true}]}}