{"id":4124,"date":"2023-07-04T10:11:15","date_gmt":"2023-07-04T09:11:15","guid":{"rendered":"https:\/\/ped4all.eu\/gizlilik-politikasi\/"},"modified":"2025-01-30T10:59:40","modified_gmt":"2025-01-30T10:59:40","slug":"gizlilik-politikasi","status":"publish","type":"page","link":"https:\/\/ped4all.eu\/tr\/gizlilik-politikasi\/","title":{"rendered":"Gizlilik Politikas\u0131"},"content":{"rendered":"<p>[et_pb_section fb_built=&#8221;1&#8243; _builder_version=&#8221;4.22.1&#8243; _module_preset=&#8221;71c8da80-1bc5-4917-916c-d11bc1204d9d&#8221; background_color=&#8221;gcid-3741ff19-488e-4eb1-8e4d-a96aba88243a&#8221; width=&#8221;100%&#8221; width_tablet=&#8221;100%&#8221; width_phone=&#8221;90%&#8221; width_last_edited=&#8221;on|phone&#8221; max_width=&#8221;1440px&#8221; module_alignment=&#8221;center&#8221; custom_margin=&#8221;39px||100px||false|true&#8221; custom_margin_tablet=&#8221;148px||148px||true|true&#8221; custom_margin_phone=&#8221;20px||20px||true|true&#8221; custom_margin_last_edited=&#8221;on|phone&#8221; custom_padding=&#8221;0px||0px||false|false&#8221; border_width_all=&#8221;4px&#8221; border_color_all=&#8221;gcid-0bdded25-723d-445b-8f2d-175adcb04ee1&#8243; locked=&#8221;off&#8221; global_colors_info=&#8221;{%22gcid-3741ff19-488e-4eb1-8e4d-a96aba88243a%22:%91%22background_color%22,%22background_color%22,%22background_color%22%93,%22gcid-0bdded25-723d-445b-8f2d-175adcb04ee1%22:%91%22border_color_all%22,%22border_color_all%22,%22border_color_all%22%93}&#8221; theme_builder_area=&#8221;post_content&#8221;][et_pb_row _builder_version=&#8221;4.22.1&#8243; _module_preset=&#8221;default&#8221; width=&#8221;100%&#8221; custom_padding=&#8221;0px|0px|0px|0px|false|false&#8221; global_colors_info=&#8221;{}&#8221; theme_builder_area=&#8221;post_content&#8221;][et_pb_column type=&#8221;4_4&#8243; _builder_version=&#8221;4.22.1&#8243; _module_preset=&#8221;default&#8221; global_colors_info=&#8221;{}&#8221; theme_builder_area=&#8221;post_content&#8221;][et_pb_text _builder_version=&#8221;4.22.1&#8243; _module_preset=&#8221;default&#8221; theme_builder_area=&#8221;post_content&#8221; custom_margin=&#8221;84px|24px|84px|24px|true|true&#8221; link_text_color=&#8221;#0D0D0D&#8221; link_font=&#8221;||||on||||&#8221; hover_enabled=&#8221;0&#8243; sticky_enabled=&#8221;0&#8243;]<\/p>\n<h1><strong>ped4all.eu i\u00e7in Gizlilik Politikas\u0131<\/strong><\/h1>\n<p>ped4all.eu olarak, ziyaret\u00e7ilerimizin gizlili\u011fini \u00f6n planda tutuyoruz. Bu Gizlilik Politikas\u0131, ped4all.eu taraf\u0131ndan toplanan ve kaydedilen bilgi t\u00fcrlerini ve bu bilgileri nas\u0131l kulland\u0131\u011f\u0131m\u0131z\u0131 a\u00e7\u0131klamaktad\u0131r. <\/p>\n<p><strong>1. Ki\u015fisel Verilerin Toplanmas\u0131 ve Kullan\u0131m\u0131<\/strong><\/p>\n<ul>\n<li><strong> \u0130leti\u015fim Sayfas\u0131:<\/strong> Bize ileti\u015fim formu arac\u0131l\u0131\u011f\u0131yla ula\u015ft\u0131\u011f\u0131n\u0131zda, ad\u0131n\u0131z, e-posta adresiniz ve mesaj\u0131n\u0131z gibi sa\u011flad\u0131\u011f\u0131n\u0131z bilgileri toplar\u0131z. Bu bilgiler yaln\u0131zca sorular\u0131n\u0131z\u0131 yan\u0131tlamak amac\u0131yla kullan\u0131l\u0131r. <\/li>\n<li><strong>Sohbete Kat\u0131l Sayfas\u0131: <\/strong>Bu sayfada toplanan veriler sizinle ileti\u015fime ge\u00e7mek i\u00e7in kullan\u0131l\u0131r. Bu verileri \u00fc\u00e7\u00fcnc\u00fc taraflarla satmaz veya payla\u015fmay\u0131z. <\/li>\n<\/ul>\n<p><strong>2. Fathom Analizi<\/strong><\/p>\n<p>Web sitesi analiti\u011fi i\u00e7in Fathom Analytics kullan\u0131yoruz. Fathom, \u00e7erez kullanmayan ve ziyaret\u00e7ilerimizin gizlili\u011fine tam olarak sayg\u0131 duyan gizlilik odakl\u0131 bir analiz arac\u0131d\u0131r. \u0130\u015fte Fathom hakk\u0131nda baz\u0131 temel noktalar:  <\/p>\n<ul>\n<li><strong>\u00c7erez Kullan\u0131m\u0131 Yok: <\/strong>Fathom, \u00e7erez kullanmaz ve bu sayede ziyaret\u00e7ilerimizin gizlili\u011fini korur.<\/li>\n<li><strong>GDPR Uyumlu:<\/strong> Fathom, GDPR ve di\u011fer gizlilik yasalar\u0131na uygundur.<\/li>\n<li><strong>Veri Kullan\u0131m\u0131:<\/strong> Fathom, ziyaret\u00e7i gizlili\u011fini ihlal etmeden web sitesi analizleri sunar. Verileri satmaz veya payla\u015fmazlar. <\/li>\n<\/ul>\n<p>Fathom Analytics hakk\u0131nda daha fazla bilgi i\u00e7in l\u00fctfen <a href=\"https:\/\/usefathom.com\/\" target=\"_new\" rel=\"noopener\">Fathom&#8217;un resmi web sitesini<\/a> ziyaret edin.<\/p>\n<p><strong>3. \u00c7erezler ve Web \u0130\u015faretleri<\/strong><\/p>\n<p>ped4all.eu \u00e7erez kullanmaz.<\/p>\n<p><strong>4. \u00dc\u00e7\u00fcnc\u00fc Taraf Gizlilik Politikalar\u0131<\/strong><\/p>\n<p>ped4all.eu&#8217;nun Gizlilik Politikas\u0131, di\u011fer reklam verenler veya web siteleri i\u00e7in ge\u00e7erli de\u011fildir. \u00dc\u00e7\u00fcnc\u00fc taraf reklam sunucular\u0131 hakk\u0131nda daha ayr\u0131nt\u0131l\u0131 bilgi almak i\u00e7in, ilgili gizlilik politikalar\u0131na ba\u015fvurman\u0131z tavsiye edilir. <\/p>\n<p><strong>5. GDPR Veri Koruma Haklar\u0131<\/strong><\/p>\n<p>Veri koruma haklar\u0131n\u0131z\u0131n tamam\u0131ndan haberdar olman\u0131z\u0131 sa\u011flamak isteriz. Her kullan\u0131c\u0131 a\u015fa\u011f\u0131daki haklara sahiptir: <\/p>\n<ul>\n<li>Eri\u015fim hakk\u0131 \u2013 Ki\u015fisel verilerinizin kopyalar\u0131n\u0131 talep etme hakk\u0131n\u0131z vard\u0131r.<\/li>\n<li>D\u00fczeltme hakk\u0131 \u2013 Yanl\u0131\u015f oldu\u011funa inand\u0131\u011f\u0131n\u0131z herhangi bir bilgiyi d\u00fczeltmemizi talep etme hakk\u0131n\u0131z vard\u0131r.<\/li>\n<li>Silme hakk\u0131 \u2013 Ki\u015fisel verilerinizi silmemizi talep etme hakk\u0131n\u0131z vard\u0131r.<\/li>\n<li>\u0130\u015fleme k\u0131s\u0131tlama hakk\u0131 \u2013 Ki\u015fisel verilerinizin i\u015flenmesini k\u0131s\u0131tlamam\u0131z\u0131 talep etme hakk\u0131n\u0131z vard\u0131r.<\/li>\n<li>\u0130\u015fleme itiraz etme hakk\u0131 \u2013 Ki\u015fisel verilerinizin i\u015flenmesine itiraz etme hakk\u0131n\u0131z vard\u0131r.<\/li>\n<li>Veri ta\u015f\u0131nabilirli\u011fi hakk\u0131 \u2013 Toplad\u0131\u011f\u0131m\u0131z verilerin ba\u015fka bir kurulu\u015fa veya do\u011frudan size aktar\u0131lmas\u0131n\u0131 talep etme hakk\u0131n\u0131z vard\u0131r.<\/li>\n<\/ul>\n<p><strong>6. Onay<\/strong><\/p>\n<p>Web sitemizi kullanarak, Gizlilik Politikam\u0131za onay verdi\u011finizi ve \u015fartlar\u0131na kat\u0131ld\u0131\u011f\u0131n\u0131z\u0131 beyan etmi\u015f oluyorsunuz.<\/p>\n<p>[\/et_pb_text][\/et_pb_column][\/et_pb_row][\/et_pb_section]<\/p>\n","protected":false},"excerpt":{"rendered":"<p>ped4all.eu i\u00e7in Gizlilik Politikas\u0131 ped4all.eu olarak, ziyaret\u00e7ilerimizin gizlili\u011fini \u00f6n planda tutuyoruz. Bu Gizlilik Politikas\u0131, ped4all.eu taraf\u0131ndan toplanan ve kaydedilen bilgi t\u00fcrlerini ve bu bilgileri nas\u0131l kulland\u0131\u011f\u0131m\u0131z\u0131 a\u00e7\u0131klamaktad\u0131r. 1. Ki\u015fisel Verilerin Toplanmas\u0131 ve Kullan\u0131m\u0131 \u0130leti\u015fim Sayfas\u0131: Bize ileti\u015fim formu arac\u0131l\u0131\u011f\u0131yla ula\u015ft\u0131\u011f\u0131n\u0131zda, ad\u0131n\u0131z, e-posta adresiniz ve mesaj\u0131n\u0131z gibi sa\u011flad\u0131\u011f\u0131n\u0131z bilgileri toplar\u0131z. Bu bilgiler yaln\u0131zca sorular\u0131n\u0131z\u0131 yan\u0131tlamak amac\u0131yla [&hellip;]<\/p>\n","protected":false},"author":2,"featured_media":0,"parent":0,"menu_order":0,"comment_status":"closed","ping_status":"closed","template":"","meta":{"_et_pb_use_builder":"on","_et_pb_old_content":"","_et_gb_content_width":"","inline_featured_image":false,"footnotes":""},"class_list":["post-4124","page","type-page","status-publish","hentry"],"yoast_head":"<!-- This site is optimized with the Yoast SEO plugin v24.6 - https:\/\/yoast.com\/wordpress\/plugins\/seo\/ -->\n<title>Gizlilik Politikas\u0131 - ped4all<\/title>\n<meta name=\"robots\" content=\"index, follow, max-snippet:-1, max-image-preview:large, max-video-preview:-1\" \/>\n<link rel=\"canonical\" href=\"https:\/\/ped4all.eu\/tr\/gizlilik-politikasi\/\" \/>\n<meta property=\"og:locale\" content=\"tr_TR\" \/>\n<meta property=\"og:type\" content=\"article\" \/>\n<meta property=\"og:title\" content=\"Gizlilik Politikas\u0131 - ped4all\" \/>\n<meta property=\"og:description\" content=\"ped4all.eu i\u00e7in Gizlilik Politikas\u0131 ped4all.eu olarak, ziyaret\u00e7ilerimizin gizlili\u011fini \u00f6n planda tutuyoruz. Bu Gizlilik Politikas\u0131, ped4all.eu taraf\u0131ndan toplanan ve kaydedilen bilgi t\u00fcrlerini ve bu bilgileri nas\u0131l kulland\u0131\u011f\u0131m\u0131z\u0131 a\u00e7\u0131klamaktad\u0131r. 1. Ki\u015fisel Verilerin Toplanmas\u0131 ve Kullan\u0131m\u0131 \u0130leti\u015fim Sayfas\u0131: Bize ileti\u015fim formu arac\u0131l\u0131\u011f\u0131yla ula\u015ft\u0131\u011f\u0131n\u0131zda, ad\u0131n\u0131z, e-posta adresiniz ve mesaj\u0131n\u0131z gibi sa\u011flad\u0131\u011f\u0131n\u0131z bilgileri toplar\u0131z. Bu bilgiler yaln\u0131zca sorular\u0131n\u0131z\u0131 yan\u0131tlamak amac\u0131yla [&hellip;]\" \/>\n<meta property=\"og:url\" content=\"https:\/\/ped4all.eu\/tr\/gizlilik-politikasi\/\" \/>\n<meta property=\"og:site_name\" content=\"ped4all\" \/>\n<meta property=\"article:modified_time\" content=\"2025-01-30T10:59:40+00:00\" \/>\n<meta name=\"twitter:card\" content=\"summary_large_image\" \/>\n<meta name=\"twitter:label1\" content=\"Tahmini okuma s\u00fcresi\" \/>\n\t<meta name=\"twitter:data1\" content=\"3 dakika\" \/>\n<script type=\"application\/ld+json\" class=\"yoast-schema-graph\">{\"@context\":\"https:\/\/schema.org\",\"@graph\":[{\"@type\":\"WebPage\",\"@id\":\"https:\/\/ped4all.eu\/tr\/gizlilik-politikasi\/\",\"url\":\"https:\/\/ped4all.eu\/tr\/gizlilik-politikasi\/\",\"name\":\"Gizlilik Politikas\u0131 - ped4all\",\"isPartOf\":{\"@id\":\"https:\/\/ped4all.eu\/tr\/#website\"},\"datePublished\":\"2023-07-04T09:11:15+00:00\",\"dateModified\":\"2025-01-30T10:59:40+00:00\",\"breadcrumb\":{\"@id\":\"https:\/\/ped4all.eu\/tr\/gizlilik-politikasi\/#breadcrumb\"},\"inLanguage\":\"tr\",\"potentialAction\":[{\"@type\":\"ReadAction\",\"target\":[\"https:\/\/ped4all.eu\/tr\/gizlilik-politikasi\/\"]}]},{\"@type\":\"BreadcrumbList\",\"@id\":\"https:\/\/ped4all.eu\/tr\/gizlilik-politikasi\/#breadcrumb\",\"itemListElement\":[{\"@type\":\"ListItem\",\"position\":1,\"name\":\"Home\",\"item\":\"https:\/\/ped4all.eu\/tr\/\"},{\"@type\":\"ListItem\",\"position\":2,\"name\":\"Gizlilik Politikas\u0131\"}]},{\"@type\":\"WebSite\",\"@id\":\"https:\/\/ped4all.eu\/tr\/#website\",\"url\":\"https:\/\/ped4all.eu\/tr\/\",\"name\":\"Positive Energy Disctricts for All\",\"description\":\"Positive energy discrict for all\",\"potentialAction\":[{\"@type\":\"SearchAction\",\"target\":{\"@type\":\"EntryPoint\",\"urlTemplate\":\"https:\/\/ped4all.eu\/tr\/?s={search_term_string}\"},\"query-input\":{\"@type\":\"PropertyValueSpecification\",\"valueRequired\":true,\"valueName\":\"search_term_string\"}}],\"inLanguage\":\"tr\"}]}<\/script>\n<!-- \/ Yoast SEO plugin. -->","yoast_head_json":{"title":"Gizlilik Politikas\u0131 - ped4all","robots":{"index":"index","follow":"follow","max-snippet":"max-snippet:-1","max-image-preview":"max-image-preview:large","max-video-preview":"max-video-preview:-1"},"canonical":"https:\/\/ped4all.eu\/tr\/gizlilik-politikasi\/","og_locale":"tr_TR","og_type":"article","og_title":"Gizlilik Politikas\u0131 - ped4all","og_description":"ped4all.eu i\u00e7in Gizlilik Politikas\u0131 ped4all.eu olarak, ziyaret\u00e7ilerimizin gizlili\u011fini \u00f6n planda tutuyoruz. Bu Gizlilik Politikas\u0131, ped4all.eu taraf\u0131ndan toplanan ve kaydedilen bilgi t\u00fcrlerini ve bu bilgileri nas\u0131l kulland\u0131\u011f\u0131m\u0131z\u0131 a\u00e7\u0131klamaktad\u0131r. 1. Ki\u015fisel Verilerin Toplanmas\u0131 ve Kullan\u0131m\u0131 \u0130leti\u015fim Sayfas\u0131: Bize ileti\u015fim formu arac\u0131l\u0131\u011f\u0131yla ula\u015ft\u0131\u011f\u0131n\u0131zda, ad\u0131n\u0131z, e-posta adresiniz ve mesaj\u0131n\u0131z gibi sa\u011flad\u0131\u011f\u0131n\u0131z bilgileri toplar\u0131z. Bu bilgiler yaln\u0131zca sorular\u0131n\u0131z\u0131 yan\u0131tlamak amac\u0131yla [&hellip;]","og_url":"https:\/\/ped4all.eu\/tr\/gizlilik-politikasi\/","og_site_name":"ped4all","article_modified_time":"2025-01-30T10:59:40+00:00","twitter_card":"summary_large_image","twitter_misc":{"Tahmini okuma s\u00fcresi":"3 dakika"},"schema":{"@context":"https:\/\/schema.org","@graph":[{"@type":"WebPage","@id":"https:\/\/ped4all.eu\/tr\/gizlilik-politikasi\/","url":"https:\/\/ped4all.eu\/tr\/gizlilik-politikasi\/","name":"Gizlilik Politikas\u0131 - ped4all","isPartOf":{"@id":"https:\/\/ped4all.eu\/tr\/#website"},"datePublished":"2023-07-04T09:11:15+00:00","dateModified":"2025-01-30T10:59:40+00:00","breadcrumb":{"@id":"https:\/\/ped4all.eu\/tr\/gizlilik-politikasi\/#breadcrumb"},"inLanguage":"tr","potentialAction":[{"@type":"ReadAction","target":["https:\/\/ped4all.eu\/tr\/gizlilik-politikasi\/"]}]},{"@type":"BreadcrumbList","@id":"https:\/\/ped4all.eu\/tr\/gizlilik-politikasi\/#breadcrumb","itemListElement":[{"@type":"ListItem","position":1,"name":"Home","item":"https:\/\/ped4all.eu\/tr\/"},{"@type":"ListItem","position":2,"name":"Gizlilik Politikas\u0131"}]},{"@type":"WebSite","@id":"https:\/\/ped4all.eu\/tr\/#website","url":"https:\/\/ped4all.eu\/tr\/","name":"Positive Energy Disctricts for All","description":"Positive energy discrict for all","potentialAction":[{"@type":"SearchAction","target":{"@type":"EntryPoint","urlTemplate":"https:\/\/ped4all.eu\/tr\/?s={search_term_string}"},"query-input":{"@type":"PropertyValueSpecification","valueRequired":true,"valueName":"search_term_string"}}],"inLanguage":"tr"}]}},"_links":{"self":[{"href":"https:\/\/ped4all.eu\/tr\/wp-json\/wp\/v2\/pages\/4124","targetHints":{"allow":["GET"]}}],"collection":[{"href":"https:\/\/ped4all.eu\/tr\/wp-json\/wp\/v2\/pages"}],"about":[{"href":"https:\/\/ped4all.eu\/tr\/wp-json\/wp\/v2\/types\/page"}],"author":[{"embeddable":true,"href":"https:\/\/ped4all.eu\/tr\/wp-json\/wp\/v2\/users\/2"}],"replies":[{"embeddable":true,"href":"https:\/\/ped4all.eu\/tr\/wp-json\/wp\/v2\/comments?post=4124"}],"version-history":[{"count":2,"href":"https:\/\/ped4all.eu\/tr\/wp-json\/wp\/v2\/pages\/4124\/revisions"}],"predecessor-version":[{"id":4126,"href":"https:\/\/ped4all.eu\/tr\/wp-json\/wp\/v2\/pages\/4124\/revisions\/4126"}],"wp:attachment":[{"href":"https:\/\/ped4all.eu\/tr\/wp-json\/wp\/v2\/media?parent=4124"}],"curies":[{"name":"wp","href":"https:\/\/api.w.org\/{rel}","templated":true}]}}